{"id":16598,"date":"2024-08-05T13:28:07","date_gmt":"2024-08-05T11:28:07","guid":{"rendered":"https:\/\/greenandclean.store\/ecological\/"},"modified":"2024-08-05T13:28:10","modified_gmt":"2024-08-05T11:28:10","slug":"ecological","status":"publish","type":"page","link":"https:\/\/www.greenandclean.store\/en\/ecological\/","title":{"rendered":"Ecological"},"content":{"rendered":"\t\t<div data-elementor-type=\"wp-post\" data-elementor-id=\"16598\" class=\"elementor elementor-16598 elementor-146\" data-elementor-post-type=\"page\">\n\t\t\t\t\t\t<section class=\"elementor-section elementor-top-section elementor-element elementor-element-81a0589 elementor-section-stretched elementor-section-boxed elementor-section-height-default elementor-section-height-default\" data-id=\"81a0589\" data-element_type=\"section\" data-e-type=\"section\" data-settings=\"{&quot;stretch_section&quot;:&quot;section-stretched&quot;,&quot;background_background&quot;:&quot;classic&quot;,&quot;jet_parallax_layout_list&quot;:[]}\">\n\t\t\t\t\t\t\t<div class=\"elementor-background-overlay\"><\/div>\n\t\t\t\t\t\t\t<div class=\"elementor-container elementor-column-gap-default\">\n\t\t\t\t\t<div class=\"elementor-column elementor-col-100 elementor-top-column elementor-element elementor-element-9b96bed\" data-id=\"9b96bed\" data-element_type=\"column\" data-e-type=\"column\">\n\t\t\t<div class=\"elementor-widget-wrap elementor-element-populated\">\n\t\t\t\t\t\t<div class=\"elementor-element elementor-element-eacfc8a elementor-widget elementor-widget-heading\" data-id=\"eacfc8a\" data-element_type=\"widget\" data-e-type=\"widget\" data-widget_type=\"heading.default\">\n\t\t\t\t<div class=\"elementor-widget-container\">\n\t\t\t\t\t<h1 class=\"elementor-heading-title elementor-size-default\">Ecological washing<\/h1>\t\t\t\t<\/div>\n\t\t\t\t<\/div>\n\t\t\t\t<div class=\"elementor-element elementor-element-3b48177 elementor-widget elementor-widget-text-editor\" data-id=\"3b48177\" data-element_type=\"widget\" data-e-type=\"widget\" data-widget_type=\"text-editor.default\">\n\t\t\t\t<div class=\"elementor-widget-container\">\n\t\t\t\t\t\t\t\t\t<p>The laundry is automatically weighed during each wash cycle. Only as much water and detergent is used as is necessary for your laundry.<\/p>\n\t\t\t\t\t\t\t\t<\/div>\n\t\t\t\t<\/div>\n\t\t\t\t\t<\/div>\n\t\t<\/div>\n\t\t\t\t\t<\/div>\n\t\t<\/section>\n\t\t\t\t<section class=\"elementor-section elementor-top-section elementor-element elementor-element-3567907 elementor-section-boxed elementor-section-height-default elementor-section-height-default\" data-id=\"3567907\" data-element_type=\"section\" data-e-type=\"section\" data-settings=\"{&quot;jet_parallax_layout_list&quot;:[]}\">\n\t\t\t\t\t\t<div class=\"elementor-container elementor-column-gap-no\">\n\t\t\t\t\t<div class=\"elementor-column elementor-col-50 elementor-top-column elementor-element elementor-element-32a5de6\" data-id=\"32a5de6\" data-element_type=\"column\" data-e-type=\"column\" data-settings=\"{&quot;background_background&quot;:&quot;classic&quot;}\">\n\t\t\t<div class=\"elementor-widget-wrap elementor-element-populated\">\n\t\t\t\t\t\t<div class=\"elementor-element elementor-element-af99b21 elementor-widget elementor-widget-heading\" data-id=\"af99b21\" data-element_type=\"widget\" data-e-type=\"widget\" data-widget_type=\"heading.default\">\n\t\t\t\t<div class=\"elementor-widget-container\">\n\t\t\t\t\t<h2 class=\"elementor-heading-title elementor-size-default\">GreenClean also takes care of the environment in other areas.<\/h2>\t\t\t\t<\/div>\n\t\t\t\t<\/div>\n\t\t\t\t<div class=\"elementor-element elementor-element-0c65e7e elementor-widget elementor-widget-text-editor\" data-id=\"0c65e7e\" data-element_type=\"widget\" data-e-type=\"widget\" data-widget_type=\"text-editor.default\">\n\t\t\t\t<div class=\"elementor-widget-container\">\n\t\t\t\t\t\t\t\t\tNicht umsonst hei\u00dfen wir Green&#038;Clean. Denn bei uns wird deine W\u00e4sche rein, sauber und zudem noch sehr umweltschonend gewaschen. Sogar f\u00fcr unsere Drucksachen verwenden wir nachhaltiges Papier mit FSC-Zertifizierung, das die Umwelt weniger belastet.\r\n\t\t\t\t\t\t\t\t<\/div>\n\t\t\t\t<\/div>\n\t\t\t\t\t<\/div>\n\t\t<\/div>\n\t\t\t\t<div class=\"elementor-column elementor-col-50 elementor-top-column elementor-element elementor-element-4420d67\" data-id=\"4420d67\" data-element_type=\"column\" data-e-type=\"column\">\n\t\t\t<div class=\"elementor-widget-wrap elementor-element-populated\">\n\t\t\t\t\t\t<div class=\"elementor-element elementor-element-3030aca elementor-widget elementor-widget-image\" data-id=\"3030aca\" data-element_type=\"widget\" data-e-type=\"widget\" data-widget_type=\"image.default\">\n\t\t\t\t<div class=\"elementor-widget-container\">\n\t\t\t\t\t\t\t\t\t\t\t\t\t\t\t<img fetchpriority=\"high\" decoding=\"async\" width=\"800\" height=\"594\" src=\"https:\/\/www.greenandclean.store\/wp-content\/uploads\/2019\/04\/section-bg-4-1024x760.jpg\" class=\"attachment-large size-large wp-image-16600\" alt=\"\" srcset=\"https:\/\/www.greenandclean.store\/wp-content\/uploads\/2019\/04\/section-bg-4-1024x760.jpg 1024w, https:\/\/www.greenandclean.store\/wp-content\/uploads\/2019\/04\/section-bg-4-300x223.jpg 300w, https:\/\/www.greenandclean.store\/wp-content\/uploads\/2019\/04\/section-bg-4-600x445.jpg 600w, https:\/\/www.greenandclean.store\/wp-content\/uploads\/2019\/04\/section-bg-4-768x570.jpg 768w, https:\/\/www.greenandclean.store\/wp-content\/uploads\/2019\/04\/section-bg-4.jpg 1920w\" sizes=\"(max-width: 800px) 100vw, 800px\" \/>\t\t\t\t\t\t\t\t\t\t\t\t\t\t\t<\/div>\n\t\t\t\t<\/div>\n\t\t\t\t\t<\/div>\n\t\t<\/div>\n\t\t\t\t\t<\/div>\n\t\t<\/section>\n\t\t\t\t<section class=\"elementor-section elementor-top-section elementor-element elementor-element-8f86e12 elementor-section-boxed elementor-section-height-default elementor-section-height-default\" data-id=\"8f86e12\" data-element_type=\"section\" data-e-type=\"section\" data-settings=\"{&quot;jet_parallax_layout_list&quot;:[]}\">\n\t\t\t\t\t\t<div class=\"elementor-container elementor-column-gap-no\">\n\t\t\t\t\t<div class=\"elementor-column elementor-col-50 elementor-top-column elementor-element elementor-element-6ced3e3\" data-id=\"6ced3e3\" data-element_type=\"column\" data-e-type=\"column\" data-settings=\"{&quot;background_background&quot;:&quot;classic&quot;}\">\n\t\t\t<div class=\"elementor-widget-wrap elementor-element-populated\">\n\t\t\t\t\t\t<div class=\"elementor-element elementor-element-7439b7b elementor-widget elementor-widget-image\" data-id=\"7439b7b\" data-element_type=\"widget\" data-e-type=\"widget\" data-widget_type=\"image.default\">\n\t\t\t\t<div class=\"elementor-widget-container\">\n\t\t\t\t\t\t\t\t\t\t\t\t\t\t\t<img decoding=\"async\" width=\"800\" height=\"450\" src=\"https:\/\/www.greenandclean.store\/wp-content\/uploads\/2019\/03\/download-1024x576.jpg\" class=\"attachment-large size-large wp-image-7166\" alt=\"\" srcset=\"https:\/\/www.greenandclean.store\/wp-content\/uploads\/2019\/03\/download-1024x576.jpg 1024w, https:\/\/www.greenandclean.store\/wp-content\/uploads\/2019\/03\/download-300x169.jpg 300w, https:\/\/www.greenandclean.store\/wp-content\/uploads\/2019\/03\/download-600x338.jpg 600w, https:\/\/www.greenandclean.store\/wp-content\/uploads\/2019\/03\/download-768x432.jpg 768w, https:\/\/www.greenandclean.store\/wp-content\/uploads\/2019\/03\/download.jpg 1600w\" sizes=\"(max-width: 800px) 100vw, 800px\" \/>\t\t\t\t\t\t\t\t\t\t\t\t\t\t\t<\/div>\n\t\t\t\t<\/div>\n\t\t\t\t\t<\/div>\n\t\t<\/div>\n\t\t\t\t<div class=\"elementor-column elementor-col-50 elementor-top-column elementor-element elementor-element-a6d1bc0\" data-id=\"a6d1bc0\" data-element_type=\"column\" data-e-type=\"column\">\n\t\t\t<div class=\"elementor-widget-wrap elementor-element-populated\">\n\t\t\t\t\t\t<div class=\"elementor-element elementor-element-1926a70 elementor-widget elementor-widget-heading\" data-id=\"1926a70\" data-element_type=\"widget\" data-e-type=\"widget\" data-widget_type=\"heading.default\">\n\t\t\t\t<div class=\"elementor-widget-container\">\n\t\t\t\t\t<h2 class=\"elementor-heading-title elementor-size-default\">Environmentally friendly detergent<\/h2>\t\t\t\t<\/div>\n\t\t\t\t<\/div>\n\t\t\t\t<div class=\"elementor-element elementor-element-7cd017d elementor-widget elementor-widget-text-editor\" data-id=\"7cd017d\" data-element_type=\"widget\" data-e-type=\"widget\" data-widget_type=\"text-editor.default\">\n\t\t\t\t<div class=\"elementor-widget-container\">\n\t\t\t\t\t\t\t\t\t<p>Ecover basiert auf pflanzlichen und mineralischen Rohstoffen und ist schnell und vollst\u00e4ndig biologisch abbaubar. Zus\u00e4tzlich sch\u00fctzt es die Umwelt durch die minimale Beeintr\u00e4chtigung des Wasserlebens. Das Waschmittel und der Weichsp\u00fcler von Ecover sind geeignet f\u00fcr Allergiker mit sensibler Haut.<\/p>\n\t\t\t\t\t\t\t\t<\/div>\n\t\t\t\t<\/div>\n\t\t\t\t\t<\/div>\n\t\t<\/div>\n\t\t\t\t\t<\/div>\n\t\t<\/section>\n\t\t\t\t<section class=\"elementor-section elementor-top-section elementor-element elementor-element-7192b8d elementor-section-stretched elementor-section-boxed elementor-section-height-default elementor-section-height-default\" data-id=\"7192b8d\" data-element_type=\"section\" data-e-type=\"section\" data-settings=\"{&quot;stretch_section&quot;:&quot;section-stretched&quot;,&quot;background_background&quot;:&quot;classic&quot;,&quot;jet_parallax_layout_list&quot;:[]}\">\n\t\t\t\t\t\t<div class=\"elementor-container elementor-column-gap-default\">\n\t\t\t\t\t<div class=\"elementor-column elementor-col-100 elementor-top-column elementor-element elementor-element-128dc49\" data-id=\"128dc49\" data-element_type=\"column\" data-e-type=\"column\">\n\t\t\t<div class=\"elementor-widget-wrap elementor-element-populated\">\n\t\t\t\t\t\t<div class=\"elementor-element elementor-element-a669311 elementor-widget elementor-widget-heading\" data-id=\"a669311\" data-element_type=\"widget\" data-e-type=\"widget\" data-widget_type=\"heading.default\">\n\t\t\t\t<div class=\"elementor-widget-container\">\n\t\t\t\t\t<h2 class=\"elementor-heading-title elementor-size-default\">Reduce CO2<\/h2>\t\t\t\t<\/div>\n\t\t\t\t<\/div>\n\t\t\t\t<div class=\"elementor-element elementor-element-ecc0c5c elementor-widget elementor-widget-text-editor\" data-id=\"ecc0c5c\" data-element_type=\"widget\" data-e-type=\"widget\" data-widget_type=\"text-editor.default\">\n\t\t\t\t<div class=\"elementor-widget-container\">\n\t\t\t\t\t\t\t\t\t<p>Our Electrolux machines have very low energy and water consumption values and meet the latest energy consumption standards.<\/p>\n\t\t\t\t\t\t\t\t<\/div>\n\t\t\t\t<\/div>\n\t\t\t\t\t<\/div>\n\t\t<\/div>\n\t\t\t\t\t<\/div>\n\t\t<\/section>\n\t\t\t\t<section class=\"elementor-section elementor-top-section elementor-element elementor-element-cff910e elementor-section-stretched elementor-section-boxed elementor-section-height-default elementor-section-height-default\" data-id=\"cff910e\" data-element_type=\"section\" data-e-type=\"section\" data-settings=\"{&quot;background_background&quot;:&quot;classic&quot;,&quot;stretch_section&quot;:&quot;section-stretched&quot;,&quot;jet_parallax_layout_list&quot;:[]}\">\n\t\t\t\t\t\t<div class=\"elementor-container elementor-column-gap-default\">\n\t\t\t\t\t<div class=\"elementor-column elementor-col-100 elementor-top-column elementor-element elementor-element-a9723bd\" data-id=\"a9723bd\" data-element_type=\"column\" data-e-type=\"column\">\n\t\t\t<div class=\"elementor-widget-wrap elementor-element-populated\">\n\t\t\t\t\t\t<div class=\"elementor-element elementor-element-a06da84 elementor-widget elementor-widget-heading\" data-id=\"a06da84\" data-element_type=\"widget\" data-e-type=\"widget\" data-widget_type=\"heading.default\">\n\t\t\t\t<div class=\"elementor-widget-container\">\n\t\t\t\t\t<h2 class=\"elementor-heading-title elementor-size-default\">Environmentally friendly <\/br>detergent<\/h2>\t\t\t\t<\/div>\n\t\t\t\t<\/div>\n\t\t\t\t<div class=\"elementor-element elementor-element-9297ec3 elementor-widget elementor-widget-text-editor\" data-id=\"9297ec3\" data-element_type=\"widget\" data-e-type=\"widget\" data-widget_type=\"text-editor.default\">\n\t\t\t\t<div class=\"elementor-widget-container\">\n\t\t\t\t\t\t\t\t\t<p>Ecover basiert auf pflanzlichen und mineralischen Rohstoffen und ist schnell und vollst\u00e4ndig biologisch abbaubar. Zus\u00e4tzlich sch\u00fctzt es die Umwelt durch die minimale Beeintr\u00e4chtigung des Wasserlebens. Das Waschmittel und der Weichsp\u00fcler von Ecover sind geeignet f\u00fcr Allergiker mit sensibler Haut.<\/p>\n\t\t\t\t\t\t\t\t<\/div>\n\t\t\t\t<\/div>\n\t\t\t\t\t<\/div>\n\t\t<\/div>\n\t\t\t\t\t<\/div>\n\t\t<\/section>\n\t\t\t\t<section class=\"elementor-section elementor-top-section elementor-element elementor-element-8d250a4 elementor-section-boxed elementor-section-height-default elementor-section-height-default\" data-id=\"8d250a4\" data-element_type=\"section\" data-e-type=\"section\" data-settings=\"{&quot;jet_parallax_layout_list&quot;:[]}\">\n\t\t\t\t\t\t<div class=\"elementor-container elementor-column-gap-default\">\n\t\t\t\t\t<div class=\"elementor-column elementor-col-100 elementor-top-column elementor-element elementor-element-2cd150e\" data-id=\"2cd150e\" data-element_type=\"column\" data-e-type=\"column\">\n\t\t\t<div class=\"elementor-widget-wrap elementor-element-populated\">\n\t\t\t\t\t\t<div class=\"elementor-element elementor-element-7e5758c elementor-widget elementor-widget-heading\" data-id=\"7e5758c\" data-element_type=\"widget\" data-e-type=\"widget\" data-widget_type=\"heading.default\">\n\t\t\t\t<div class=\"elementor-widget-container\">\n\t\t\t\t\t<h1 class=\"elementor-heading-title elementor-size-default\">nat\u00fcrlich einfach waschen<\/h1>\t\t\t\t<\/div>\n\t\t\t\t<\/div>\n\t\t\t\t\t<\/div>\n\t\t<\/div>\n\t\t\t\t\t<\/div>\n\t\t<\/section>\n\t\t\t\t<section class=\"elementor-section elementor-top-section elementor-element elementor-element-437225d elementor-section-stretched elementor-section-boxed elementor-section-height-default elementor-section-height-default\" data-id=\"437225d\" data-element_type=\"section\" data-e-type=\"section\" data-settings=\"{&quot;stretch_section&quot;:&quot;section-stretched&quot;,&quot;jet_parallax_layout_list&quot;:[]}\">\n\t\t\t\t\t\t<div class=\"elementor-container elementor-column-gap-default\">\n\t\t\t\t\t<div class=\"elementor-column elementor-col-33 elementor-top-column elementor-element elementor-element-cd121d4\" data-id=\"cd121d4\" data-element_type=\"column\" data-e-type=\"column\" data-settings=\"{&quot;background_background&quot;:&quot;classic&quot;}\">\n\t\t\t<div class=\"elementor-widget-wrap elementor-element-populated\">\n\t\t\t\t\t\t<div class=\"elementor-element elementor-element-beb41e6 elementor-widget elementor-widget-image-box\" data-id=\"beb41e6\" data-element_type=\"widget\" data-e-type=\"widget\" data-widget_type=\"image-box.default\">\n\t\t\t\t<div class=\"elementor-widget-container\">\n\t\t\t\t\t<div class=\"elementor-image-box-wrapper\"><div class=\"elementor-image-box-content\"><h3 class=\"elementor-image-box-title\">Hygiene products<\/h3><p class=\"elementor-image-box-description\">The sanitizer was specially developed by Green&amp;Clean to remove bacteria of all kinds from your laundry down to the pores with every wash.<\/p><\/div><\/div>\t\t\t\t<\/div>\n\t\t\t\t<\/div>\n\t\t\t\t\t<\/div>\n\t\t<\/div>\n\t\t\t\t<div class=\"elementor-column elementor-col-33 elementor-top-column elementor-element elementor-element-b89ed33\" data-id=\"b89ed33\" data-element_type=\"column\" data-e-type=\"column\" data-settings=\"{&quot;background_background&quot;:&quot;classic&quot;}\">\n\t\t\t<div class=\"elementor-widget-wrap elementor-element-populated\">\n\t\t\t\t\t\t<div class=\"elementor-element elementor-element-d8f6829 elementor-widget elementor-widget-image-box\" data-id=\"d8f6829\" data-element_type=\"widget\" data-e-type=\"widget\" data-widget_type=\"image-box.default\">\n\t\t\t\t<div class=\"elementor-widget-container\">\n\t\t\t\t\t<div class=\"elementor-image-box-wrapper\"><div class=\"elementor-image-box-content\"><h3 class=\"elementor-image-box-title\">Hygienic washing<\/h3><p class=\"elementor-image-box-description\">A special hygiene agent is added during each wash cycle, which works down to the smallest fiber. We therefore ask for your understanding that floor mops, horse blankets or similar items that heavily soil the drums must not be washed.<\/p><\/div><\/div>\t\t\t\t<\/div>\n\t\t\t\t<\/div>\n\t\t\t\t\t<\/div>\n\t\t<\/div>\n\t\t\t\t<div class=\"elementor-column elementor-col-33 elementor-top-column elementor-element elementor-element-de7b8ca\" data-id=\"de7b8ca\" data-element_type=\"column\" data-e-type=\"column\" data-settings=\"{&quot;background_background&quot;:&quot;classic&quot;}\">\n\t\t\t<div class=\"elementor-widget-wrap elementor-element-populated\">\n\t\t\t\t\t\t<div class=\"elementor-element elementor-element-eac33c3 elementor-widget elementor-widget-image-box\" data-id=\"eac33c3\" data-element_type=\"widget\" data-e-type=\"widget\" data-widget_type=\"image-box.default\">\n\t\t\t\t<div class=\"elementor-widget-container\">\n\t\t\t\t\t<div class=\"elementor-image-box-wrapper\"><div class=\"elementor-image-box-content\"><h3 class=\"elementor-image-box-title\">Clean (er) than you think<\/h3><p class=\"elementor-image-box-description\">We know what your laundry needs - we know what you want<\/p><\/div><\/div>\t\t\t\t<\/div>\n\t\t\t\t<\/div>\n\t\t\t\t\t<\/div>\n\t\t<\/div>\n\t\t\t\t\t<\/div>\n\t\t<\/section>\n\t\t\t\t<\/div>\n\t\t","protected":false},"excerpt":{"rendered":"<p>Ecological washing The laundry is automatically weighed during each wash cycle. Only as much water and detergent is used as is necessary for your laundry. GreenClean also takes care of the environment in other areas. Nicht umsonst hei\u00dfen wir Green&#038;Clean. Denn bei uns wird deine W\u00e4sche rein, sauber und zudem noch sehr umweltschonend gewaschen. Sogar [&hellip;]<\/p>\n","protected":false},"author":1,"featured_media":0,"parent":0,"menu_order":0,"comment_status":"closed","ping_status":"closed","template":"","meta":{"footnotes":""},"categories":[],"tags":[],"class_list":["post-16598","page","type-page","status-publish","hentry"],"yoast_head":"<!-- This site is optimized with the Yoast SEO plugin v27.6 - https:\/\/yoast.com\/product\/yoast-seo-wordpress\/ -->\n<title>Ecological - Green &amp; Clean<\/title>\n<meta name=\"robots\" content=\"index, follow, max-snippet:-1, max-image-preview:large, max-video-preview:-1\" \/>\n<link rel=\"canonical\" href=\"https:\/\/www.greenandclean.store\/oekologisch\/\" \/>\n<meta property=\"og:locale\" content=\"en_US\" \/>\n<meta property=\"og:type\" content=\"article\" \/>\n<meta property=\"og:title\" content=\"Ecological - Green &amp; Clean\" \/>\n<meta property=\"og:description\" content=\"Ecological washing The laundry is automatically weighed during each wash cycle. Only as much water and detergent is used as is necessary for your laundry. GreenClean also takes care of the environment in other areas. Nicht umsonst hei\u00dfen wir Green&#038;Clean. Denn bei uns wird deine W\u00e4sche rein, sauber und zudem noch sehr umweltschonend gewaschen. Sogar [&hellip;]\" \/>\n<meta property=\"og:url\" content=\"https:\/\/www.greenandclean.store\/oekologisch\/\" \/>\n<meta property=\"og:site_name\" content=\"Green &amp; Clean\" \/>\n<meta property=\"article:modified_time\" content=\"2024-08-05T11:28:10+00:00\" \/>\n<meta property=\"og:image\" content=\"https:\/\/greenandclean.store\/wp-content\/uploads\/2019\/04\/section-bg-4-1024x760.jpg\" \/>\n<meta name=\"twitter:card\" content=\"summary_large_image\" \/>\n<meta name=\"twitter:label1\" content=\"Est. reading time\" \/>\n\t<meta name=\"twitter:data1\" content=\"1 minute\" \/>\n<script type=\"application\/ld+json\" class=\"yoast-schema-graph\">{\"@context\":\"https:\\\/\\\/schema.org\",\"@graph\":[{\"@type\":\"WebPage\",\"@id\":\"https:\\\/\\\/www.greenandclean.store\\\/oekologisch\\\/\",\"url\":\"https:\\\/\\\/www.greenandclean.store\\\/oekologisch\\\/\",\"name\":\"Ecological - Green &amp; Clean\",\"isPartOf\":{\"@id\":\"https:\\\/\\\/www.greenandclean.store\\\/#website\"},\"primaryImageOfPage\":{\"@id\":\"https:\\\/\\\/www.greenandclean.store\\\/oekologisch\\\/#primaryimage\"},\"image\":{\"@id\":\"https:\\\/\\\/www.greenandclean.store\\\/oekologisch\\\/#primaryimage\"},\"thumbnailUrl\":\"https:\\\/\\\/greenandclean.store\\\/wp-content\\\/uploads\\\/2019\\\/04\\\/section-bg-4-1024x760.jpg\",\"datePublished\":\"2024-08-05T11:28:07+00:00\",\"dateModified\":\"2024-08-05T11:28:10+00:00\",\"breadcrumb\":{\"@id\":\"https:\\\/\\\/www.greenandclean.store\\\/oekologisch\\\/#breadcrumb\"},\"inLanguage\":\"en-US\",\"potentialAction\":[{\"@type\":\"ReadAction\",\"target\":[\"https:\\\/\\\/www.greenandclean.store\\\/oekologisch\\\/\"]}]},{\"@type\":\"ImageObject\",\"inLanguage\":\"en-US\",\"@id\":\"https:\\\/\\\/www.greenandclean.store\\\/oekologisch\\\/#primaryimage\",\"url\":\"https:\\\/\\\/greenandclean.store\\\/wp-content\\\/uploads\\\/2019\\\/04\\\/section-bg-4-1024x760.jpg\",\"contentUrl\":\"https:\\\/\\\/greenandclean.store\\\/wp-content\\\/uploads\\\/2019\\\/04\\\/section-bg-4-1024x760.jpg\"},{\"@type\":\"BreadcrumbList\",\"@id\":\"https:\\\/\\\/www.greenandclean.store\\\/oekologisch\\\/#breadcrumb\",\"itemListElement\":[{\"@type\":\"ListItem\",\"position\":1,\"name\":\"Startseite\",\"item\":\"https:\\\/\\\/www.greenandclean.store\\\/en\\\/\"},{\"@type\":\"ListItem\",\"position\":2,\"name\":\"Ecological\"}]},{\"@type\":\"WebSite\",\"@id\":\"https:\\\/\\\/www.greenandclean.store\\\/#website\",\"url\":\"https:\\\/\\\/www.greenandclean.store\\\/\",\"name\":\"Green &amp; Clean\",\"description\":\"Nat\u00fcrlich Einfach Waschen\",\"publisher\":{\"@id\":\"https:\\\/\\\/www.greenandclean.store\\\/#organization\"},\"potentialAction\":[{\"@type\":\"SearchAction\",\"target\":{\"@type\":\"EntryPoint\",\"urlTemplate\":\"https:\\\/\\\/www.greenandclean.store\\\/?s={search_term_string}\"},\"query-input\":{\"@type\":\"PropertyValueSpecification\",\"valueRequired\":true,\"valueName\":\"search_term_string\"}}],\"inLanguage\":\"en-US\"},{\"@type\":\"Organization\",\"@id\":\"https:\\\/\\\/www.greenandclean.store\\\/#organization\",\"name\":\"Green &amp; Clean\",\"url\":\"https:\\\/\\\/www.greenandclean.store\\\/\",\"logo\":{\"@type\":\"ImageObject\",\"inLanguage\":\"en-US\",\"@id\":\"https:\\\/\\\/www.greenandclean.store\\\/#\\\/schema\\\/logo\\\/image\\\/\",\"url\":\"https:\\\/\\\/www.greenandclean.store\\\/wp-content\\\/uploads\\\/2019\\\/03\\\/logo-gc.png\",\"contentUrl\":\"https:\\\/\\\/www.greenandclean.store\\\/wp-content\\\/uploads\\\/2019\\\/03\\\/logo-gc.png\",\"width\":400,\"height\":104,\"caption\":\"Green &amp; Clean\"},\"image\":{\"@id\":\"https:\\\/\\\/www.greenandclean.store\\\/#\\\/schema\\\/logo\\\/image\\\/\"}}]}<\/script>\n<!-- \/ Yoast SEO plugin. -->","yoast_head_json":{"title":"Ecological - Green &amp; Clean","robots":{"index":"index","follow":"follow","max-snippet":"max-snippet:-1","max-image-preview":"max-image-preview:large","max-video-preview":"max-video-preview:-1"},"canonical":"https:\/\/www.greenandclean.store\/oekologisch\/","og_locale":"en_US","og_type":"article","og_title":"Ecological - Green &amp; Clean","og_description":"Ecological washing The laundry is automatically weighed during each wash cycle. Only as much water and detergent is used as is necessary for your laundry. GreenClean also takes care of the environment in other areas. Nicht umsonst hei\u00dfen wir Green&#038;Clean. Denn bei uns wird deine W\u00e4sche rein, sauber und zudem noch sehr umweltschonend gewaschen. Sogar [&hellip;]","og_url":"https:\/\/www.greenandclean.store\/oekologisch\/","og_site_name":"Green &amp; Clean","article_modified_time":"2024-08-05T11:28:10+00:00","og_image":[{"url":"https:\/\/greenandclean.store\/wp-content\/uploads\/2019\/04\/section-bg-4-1024x760.jpg","type":"","width":"","height":""}],"twitter_card":"summary_large_image","twitter_misc":{"Est. reading time":"1 minute"},"schema":{"@context":"https:\/\/schema.org","@graph":[{"@type":"WebPage","@id":"https:\/\/www.greenandclean.store\/oekologisch\/","url":"https:\/\/www.greenandclean.store\/oekologisch\/","name":"Ecological - Green &amp; Clean","isPartOf":{"@id":"https:\/\/www.greenandclean.store\/#website"},"primaryImageOfPage":{"@id":"https:\/\/www.greenandclean.store\/oekologisch\/#primaryimage"},"image":{"@id":"https:\/\/www.greenandclean.store\/oekologisch\/#primaryimage"},"thumbnailUrl":"https:\/\/greenandclean.store\/wp-content\/uploads\/2019\/04\/section-bg-4-1024x760.jpg","datePublished":"2024-08-05T11:28:07+00:00","dateModified":"2024-08-05T11:28:10+00:00","breadcrumb":{"@id":"https:\/\/www.greenandclean.store\/oekologisch\/#breadcrumb"},"inLanguage":"en-US","potentialAction":[{"@type":"ReadAction","target":["https:\/\/www.greenandclean.store\/oekologisch\/"]}]},{"@type":"ImageObject","inLanguage":"en-US","@id":"https:\/\/www.greenandclean.store\/oekologisch\/#primaryimage","url":"https:\/\/greenandclean.store\/wp-content\/uploads\/2019\/04\/section-bg-4-1024x760.jpg","contentUrl":"https:\/\/greenandclean.store\/wp-content\/uploads\/2019\/04\/section-bg-4-1024x760.jpg"},{"@type":"BreadcrumbList","@id":"https:\/\/www.greenandclean.store\/oekologisch\/#breadcrumb","itemListElement":[{"@type":"ListItem","position":1,"name":"Startseite","item":"https:\/\/www.greenandclean.store\/en\/"},{"@type":"ListItem","position":2,"name":"Ecological"}]},{"@type":"WebSite","@id":"https:\/\/www.greenandclean.store\/#website","url":"https:\/\/www.greenandclean.store\/","name":"Green &amp; Clean","description":"Nat\u00fcrlich Einfach Waschen","publisher":{"@id":"https:\/\/www.greenandclean.store\/#organization"},"potentialAction":[{"@type":"SearchAction","target":{"@type":"EntryPoint","urlTemplate":"https:\/\/www.greenandclean.store\/?s={search_term_string}"},"query-input":{"@type":"PropertyValueSpecification","valueRequired":true,"valueName":"search_term_string"}}],"inLanguage":"en-US"},{"@type":"Organization","@id":"https:\/\/www.greenandclean.store\/#organization","name":"Green &amp; Clean","url":"https:\/\/www.greenandclean.store\/","logo":{"@type":"ImageObject","inLanguage":"en-US","@id":"https:\/\/www.greenandclean.store\/#\/schema\/logo\/image\/","url":"https:\/\/www.greenandclean.store\/wp-content\/uploads\/2019\/03\/logo-gc.png","contentUrl":"https:\/\/www.greenandclean.store\/wp-content\/uploads\/2019\/03\/logo-gc.png","width":400,"height":104,"caption":"Green &amp; Clean"},"image":{"@id":"https:\/\/www.greenandclean.store\/#\/schema\/logo\/image\/"}}]}},"_links":{"self":[{"href":"https:\/\/www.greenandclean.store\/en\/wp-json\/wp\/v2\/pages\/16598","targetHints":{"allow":["GET"]}}],"collection":[{"href":"https:\/\/www.greenandclean.store\/en\/wp-json\/wp\/v2\/pages"}],"about":[{"href":"https:\/\/www.greenandclean.store\/en\/wp-json\/wp\/v2\/types\/page"}],"author":[{"embeddable":true,"href":"https:\/\/www.greenandclean.store\/en\/wp-json\/wp\/v2\/users\/1"}],"replies":[{"embeddable":true,"href":"https:\/\/www.greenandclean.store\/en\/wp-json\/wp\/v2\/comments?post=16598"}],"version-history":[{"count":0,"href":"https:\/\/www.greenandclean.store\/en\/wp-json\/wp\/v2\/pages\/16598\/revisions"}],"wp:attachment":[{"href":"https:\/\/www.greenandclean.store\/en\/wp-json\/wp\/v2\/media?parent=16598"}],"wp:term":[{"taxonomy":"category","embeddable":true,"href":"https:\/\/www.greenandclean.store\/en\/wp-json\/wp\/v2\/categories?post=16598"},{"taxonomy":"post_tag","embeddable":true,"href":"https:\/\/www.greenandclean.store\/en\/wp-json\/wp\/v2\/tags?post=16598"}],"curies":[{"name":"wp","href":"https:\/\/api.w.org\/{rel}","templated":true}]}}